{"id":843,"date":"2025-06-20T17:02:22","date_gmt":"2025-06-20T17:02:22","guid":{"rendered":"https:\/\/skidexperts.com\/contacto\/"},"modified":"2025-11-10T20:39:58","modified_gmt":"2025-11-10T20:39:58","slug":"contact","status":"publish","type":"page","link":"https:\/\/skidexperts.com\/en\/contact\/","title":{"rendered":"Contact"},"content":{"rendered":"\t\t<div data-elementor-type=\"wp-page\" data-elementor-id=\"843\" class=\"elementor elementor-843\" data-elementor-post-type=\"page\">\n\t\t\t\t<div class=\"elementor-element elementor-element-4cc7022 e-con-full e-flex e-con e-parent\" data-id=\"4cc7022\" data-element_type=\"container\">\n\t\t\t\t<div class=\"elementor-element elementor-element-b42f476 elementor-widget elementor-widget-image\" data-id=\"b42f476\" data-element_type=\"widget\" data-widget_type=\"image.default\">\n\t\t\t\t<div class=\"elementor-widget-container\">\n\t\t\t\t\t\t\t\t\t\t\t\t\t\t\t<img decoding=\"async\" width=\"307\" height=\"108\" src=\"https:\/\/skidexperts.com\/wp-content\/uploads\/2025\/11\/Iconos-Banner-ISO.png\" class=\"attachment-full size-full wp-image-1601\" alt=\"\" srcset=\"https:\/\/skidexperts.com\/wp-content\/uploads\/2025\/11\/Iconos-Banner-ISO.png 307w, https:\/\/skidexperts.com\/wp-content\/uploads\/2025\/11\/Iconos-Banner-ISO-300x106.png 300w\" sizes=\"(max-width: 307px) 100vw, 307px\" \/>\t\t\t\t\t\t\t\t\t\t\t\t\t\t\t<\/div>\n\t\t\t\t<\/div>\n\t\t\t\t<div class=\"elementor-element elementor-element-987356c elementor-widget elementor-widget-image\" data-id=\"987356c\" data-element_type=\"widget\" data-widget_type=\"image.default\">\n\t\t\t\t<div class=\"elementor-widget-container\">\n\t\t\t\t\t\t\t\t\t\t\t\t\t\t\t<img decoding=\"async\" width=\"328\" height=\"108\" src=\"https:\/\/skidexperts.com\/wp-content\/uploads\/2025\/11\/Iconos-Banner-ASME.png\" class=\"attachment-full size-full wp-image-1603\" alt=\"\" srcset=\"https:\/\/skidexperts.com\/wp-content\/uploads\/2025\/11\/Iconos-Banner-ASME.png 328w, https:\/\/skidexperts.com\/wp-content\/uploads\/2025\/11\/Iconos-Banner-ASME-300x99.png 300w\" sizes=\"(max-width: 328px) 100vw, 328px\" \/>\t\t\t\t\t\t\t\t\t\t\t\t\t\t\t<\/div>\n\t\t\t\t<\/div>\n\t\t\t\t<\/div>\n\t\t<div class=\"elementor-element elementor-element-268e7c6 e-flex e-con-boxed e-con e-parent\" data-id=\"268e7c6\" data-element_type=\"container\" data-settings=\"{&quot;background_background&quot;:&quot;classic&quot;}\">\n\t\t\t\t\t<div class=\"e-con-inner\">\n\t\t\t\t<div class=\"elementor-element elementor-element-4d6ae3c elementor-widget__width-initial elementor-invisible elementor-widget elementor-widget-heading\" data-id=\"4d6ae3c\" data-element_type=\"widget\" data-settings=\"{&quot;_animation&quot;:&quot;zoomIn&quot;,&quot;_animation_delay&quot;:300}\" data-widget_type=\"heading.default\">\n\t\t\t\t<div class=\"elementor-widget-container\">\n\t\t\t\t\t<h2 class=\"elementor-heading-title elementor-size-default\">Contact<\/h2>\t\t\t\t<\/div>\n\t\t\t\t<\/div>\n\t\t\t\t<div class=\"elementor-element elementor-element-bde306d elementor-invisible elementor-widget elementor-widget-heading\" data-id=\"bde306d\" data-element_type=\"widget\" data-settings=\"{&quot;_animation&quot;:&quot;zoomIn&quot;}\" data-widget_type=\"heading.default\">\n\t\t\t\t<div class=\"elementor-widget-container\">\n\t\t\t\t\t<h2 class=\"elementor-heading-title elementor-size-default\">Let\u2019s Talk About Your Next Project!<\/h2>\t\t\t\t<\/div>\n\t\t\t\t<\/div>\n\t\t\t\t\t<\/div>\n\t\t\t\t<\/div>\n\t\t<div class=\"elementor-element elementor-element-e64dfc4 e-flex e-con-boxed e-con e-parent\" data-id=\"e64dfc4\" data-element_type=\"container\" data-settings=\"{&quot;background_background&quot;:&quot;classic&quot;}\">\n\t\t\t\t\t<div class=\"e-con-inner\">\n\t\t\t\t<div class=\"elementor-element elementor-element-118136b elementor-invisible elementor-widget elementor-widget-text-editor\" data-id=\"118136b\" data-element_type=\"widget\" data-settings=\"{&quot;_animation&quot;:&quot;fadeInUp&quot;}\" data-widget_type=\"text-editor.default\">\n\t\t\t\t<div class=\"elementor-widget-container\">\n\t\t\t\t\t\t\t\t\t<p class=\"ds-markdown-paragraph\"><strong>Get in Touch. Let\u2019s Build Together<\/strong><\/p><p>We value relationships built on <strong>trust, professionalism, and results<\/strong>.<\/p><p>Reach out today and let\u2019s build your next solution together. Whether you\u2019re starting a new project or need a proposal, <strong>Skid Experts<\/strong> is ready to help.<\/p>\t\t\t\t\t\t\t\t<\/div>\n\t\t\t\t<\/div>\n\t\t<div class=\"elementor-element elementor-element-1fbd6a3 e-con-full e-flex e-con e-child\" data-id=\"1fbd6a3\" data-element_type=\"container\">\n\t\t<div class=\"elementor-element elementor-element-6d85ed2 e-con-full e-flex e-con e-child\" data-id=\"6d85ed2\" data-element_type=\"container\">\n\t\t\t\t<div class=\"elementor-element elementor-element-6dd85d4 elementor-invisible elementor-widget elementor-widget-heading\" data-id=\"6dd85d4\" data-element_type=\"widget\" data-settings=\"{&quot;_animation&quot;:&quot;fadeInUp&quot;}\" data-widget_type=\"heading.default\">\n\t\t\t\t<div class=\"elementor-widget-container\">\n\t\t\t\t\t<h2 class=\"elementor-heading-title elementor-size-default\">Connect with us<\/h2>\t\t\t\t<\/div>\n\t\t\t\t<\/div>\n\t\t\t\t<div class=\"elementor-element elementor-element-015e6d9 elementor-invisible elementor-widget elementor-widget-heading\" data-id=\"015e6d9\" data-element_type=\"widget\" data-settings=\"{&quot;_animation&quot;:&quot;fadeInUp&quot;}\" data-widget_type=\"heading.default\">\n\t\t\t\t<div class=\"elementor-widget-container\">\n\t\t\t\t\t<h2 class=\"elementor-heading-title elementor-size-default\">on social media<\/h2>\t\t\t\t<\/div>\n\t\t\t\t<\/div>\n\t\t<div class=\"elementor-element elementor-element-154d66c e-con-full e-flex e-con e-child\" data-id=\"154d66c\" data-element_type=\"container\">\n\t\t<div class=\"elementor-element elementor-element-b30edb3 e-con-full e-flex e-con e-child\" data-id=\"b30edb3\" data-element_type=\"container\">\n\t\t\t\t<div class=\"elementor-element elementor-element-4847882 elementor-widget elementor-widget-image\" data-id=\"4847882\" data-element_type=\"widget\" data-widget_type=\"image.default\">\n\t\t\t\t<div class=\"elementor-widget-container\">\n\t\t\t\t\t\t\t\t\t\t\t\t\t\t\t<img decoding=\"async\" width=\"42\" height=\"42\" src=\"https:\/\/skidexperts.com\/wp-content\/uploads\/2025\/06\/Icono-Correo.jpg\" class=\"attachment-full size-full wp-image-375\" alt=\"\" \/>\t\t\t\t\t\t\t\t\t\t\t\t\t\t\t<\/div>\n\t\t\t\t<\/div>\n\t\t\t\t<div class=\"elementor-element elementor-element-3abf9b0 elementor-invisible elementor-widget elementor-widget-text-editor\" data-id=\"3abf9b0\" data-element_type=\"widget\" data-settings=\"{&quot;_animation&quot;:&quot;fadeInUp&quot;}\" data-widget_type=\"text-editor.default\">\n\t\t\t\t<div class=\"elementor-widget-container\">\n\t\t\t\t\t\t\t\t\t<p class=\"ds-markdown-paragraph\"><strong>Email: <\/strong>info@skidexperts.com<\/p>\t\t\t\t\t\t\t\t<\/div>\n\t\t\t\t<\/div>\n\t\t\t\t<\/div>\n\t\t<div class=\"elementor-element elementor-element-cd69b8c e-con-full e-flex e-con e-child\" data-id=\"cd69b8c\" data-element_type=\"container\">\n\t\t\t\t<div class=\"elementor-element elementor-element-a2f0621 elementor-widget elementor-widget-image\" data-id=\"a2f0621\" data-element_type=\"widget\" data-widget_type=\"image.default\">\n\t\t\t\t<div class=\"elementor-widget-container\">\n\t\t\t\t\t\t\t\t\t\t\t\t\t\t\t<img decoding=\"async\" width=\"42\" height=\"42\" src=\"https:\/\/skidexperts.com\/wp-content\/uploads\/2025\/06\/Icono-Correo.jpg\" class=\"attachment-full size-full wp-image-375\" alt=\"\" \/>\t\t\t\t\t\t\t\t\t\t\t\t\t\t\t<\/div>\n\t\t\t\t<\/div>\n\t\t\t\t<div class=\"elementor-element elementor-element-d583e97 elementor-widget__width-inherit elementor-invisible elementor-widget elementor-widget-text-editor\" data-id=\"d583e97\" data-element_type=\"widget\" data-settings=\"{&quot;_animation&quot;:&quot;fadeInUp&quot;}\" data-widget_type=\"text-editor.default\">\n\t\t\t\t<div class=\"elementor-widget-container\">\n\t\t\t\t\t\t\t\t\t<p>Grecia, 4 Deiradon Str., Kifisia, PC 14564, Athens<br \/><b>Tel\u00e9fono<\/b> +30 211 0087901<br \/><br \/><\/p><p>Colombia, Carrera 15 #93a &#8211; 84, PC 110221, Bogot\u00e1<br \/><b>Tel\u00e9fono<\/b> +57 601 7314073<br \/><br \/><\/p><p>USA, 3730 Kirby Drive Greenway \/ Upper, # 1200, PC 77098, Houston Texas<br \/><b>Tel\u00e9fono<\/b> +1 281 254 1894<\/p>\t\t\t\t\t\t\t\t<\/div>\n\t\t\t\t<\/div>\n\t\t\t\t<\/div>\n\t\t\t\t<\/div>\n\t\t\t\t<\/div>\n\t\t<div class=\"elementor-element elementor-element-4e1ec29 e-con-full e-flex e-con e-child\" data-id=\"4e1ec29\" data-element_type=\"container\">\n\t\t\t\t<div class=\"elementor-element elementor-element-9802847 elementor-invisible elementor-widget elementor-widget-heading\" data-id=\"9802847\" data-element_type=\"widget\" data-settings=\"{&quot;_animation&quot;:&quot;fadeInUp&quot;}\" data-widget_type=\"heading.default\">\n\t\t\t\t<div class=\"elementor-widget-container\">\n\t\t\t\t\t<h2 class=\"elementor-heading-title elementor-size-default\">Contact Form<\/h2>\t\t\t\t<\/div>\n\t\t\t\t<\/div>\n\t\t\t\t<div class=\"elementor-element elementor-element-6ce0399 elementor-button-align-stretch elementor-widget elementor-widget-form\" data-id=\"6ce0399\" data-element_type=\"widget\" data-settings=\"{&quot;step_next_label&quot;:&quot;Next&quot;,&quot;step_previous_label&quot;:&quot;Previous&quot;,&quot;button_width&quot;:&quot;100&quot;,&quot;step_type&quot;:&quot;number_text&quot;,&quot;step_icon_shape&quot;:&quot;circle&quot;}\" data-widget_type=\"form.default\">\n\t\t\t\t<div class=\"elementor-widget-container\">\n\t\t\t\t\t\t\t<form class=\"elementor-form\" method=\"post\" name=\"New Form\" aria-label=\"New Form\">\n\t\t\t<input type=\"hidden\" name=\"post_id\" value=\"843\"\/>\n\t\t\t<input type=\"hidden\" name=\"form_id\" value=\"6ce0399\"\/>\n\t\t\t<input type=\"hidden\" name=\"referer_title\" value=\"Contact\" \/>\n\n\t\t\t\t\t\t\t<input type=\"hidden\" name=\"queried_id\" value=\"843\"\/>\n\t\t\t\n\t\t\t<div class=\"elementor-form-fields-wrapper elementor-labels-\">\n\t\t\t\t\t\t\t\t<div class=\"elementor-field-type-text elementor-field-group elementor-column elementor-field-group-name elementor-col-100\">\n\t\t\t\t\t\t\t\t\t\t\t\t<label for=\"form-field-name\" class=\"elementor-field-label elementor-screen-only\">\n\t\t\t\t\t\t\t\tName\t\t\t\t\t\t\t<\/label>\n\t\t\t\t\t\t\t\t\t\t\t\t\t\t<input size=\"1\" type=\"text\" name=\"form_fields[name]\" id=\"form-field-name\" class=\"elementor-field elementor-size-sm  elementor-field-textual\" placeholder=\"Name\">\n\t\t\t\t\t\t\t\t\t\t\t<\/div>\n\t\t\t\t\t\t\t\t<div class=\"elementor-field-type-tel elementor-field-group elementor-column elementor-field-group-field_ead3266 elementor-col-100\">\n\t\t\t\t\t\t\t\t\t\t\t\t<label for=\"form-field-field_ead3266\" class=\"elementor-field-label elementor-screen-only\">\n\t\t\t\t\t\t\t\tPHONE\t\t\t\t\t\t\t<\/label>\n\t\t\t\t\t\t\t\t<input size=\"1\" type=\"tel\" name=\"form_fields[field_ead3266]\" id=\"form-field-field_ead3266\" class=\"elementor-field elementor-size-sm  elementor-field-textual\" placeholder=\"PHONE\" pattern=\"[0-9()#&amp;+*-=.]+\" title=\"Only numbers and phone characters (#, -, *, etc) are accepted.\">\n\n\t\t\t\t\t\t<\/div>\n\t\t\t\t\t\t\t\t<div class=\"elementor-field-type-email elementor-field-group elementor-column elementor-field-group-email elementor-col-100 elementor-field-required\">\n\t\t\t\t\t\t\t\t\t\t\t\t<label for=\"form-field-email\" class=\"elementor-field-label elementor-screen-only\">\n\t\t\t\t\t\t\t\tEMAIL\t\t\t\t\t\t\t<\/label>\n\t\t\t\t\t\t\t\t\t\t\t\t\t\t<input size=\"1\" type=\"email\" name=\"form_fields[email]\" id=\"form-field-email\" class=\"elementor-field elementor-size-sm  elementor-field-textual\" placeholder=\"EMAIL\" required=\"required\">\n\t\t\t\t\t\t\t\t\t\t\t<\/div>\n\t\t\t\t\t\t\t\t<div class=\"elementor-field-type-textarea elementor-field-group elementor-column elementor-field-group-message elementor-col-100\">\n\t\t\t\t\t\t\t\t\t\t\t\t<label for=\"form-field-message\" class=\"elementor-field-label elementor-screen-only\">\n\t\t\t\t\t\t\t\tMESSAGE\t\t\t\t\t\t\t<\/label>\n\t\t\t\t\t\t<textarea class=\"elementor-field-textual elementor-field  elementor-size-sm\" name=\"form_fields[message]\" id=\"form-field-message\" rows=\"4\" placeholder=\"MESSAGE\"><\/textarea>\t\t\t\t<\/div>\n\t\t\t\t\t\t\t\t<div class=\"elementor-field-type-recaptcha elementor-field-group elementor-column elementor-field-group-field_2f15545 elementor-col-100\">\n\t\t\t\t\t<div class=\"elementor-field\" id=\"form-field-field_2f15545\"><div class=\"elementor-g-recaptcha\" data-sitekey=\"6LcBwvQrAAAAAKwbN3Nmm1FjpxaWiS1iUdBFqM0Q\" data-type=\"v2_checkbox\" data-theme=\"light\" data-size=\"normal\"><\/div><\/div>\t\t\t\t<\/div>\n\t\t\t\t\t\t\t\t<div class=\"elementor-field-group elementor-column elementor-field-type-submit elementor-col-100 e-form__buttons\">\n\t\t\t\t\t<button class=\"elementor-button elementor-size-sm\" type=\"submit\">\n\t\t\t\t\t\t<span class=\"elementor-button-content-wrapper\">\n\t\t\t\t\t\t\t\t\t\t\t\t\t\t\t\t\t\t\t\t\t\t<span class=\"elementor-button-text\">Send<\/span>\n\t\t\t\t\t\t\t\t\t\t\t\t\t<\/span>\n\t\t\t\t\t<\/button>\n\t\t\t\t<\/div>\n\t\t\t<\/div>\n\t\t<\/form>\n\t\t\t\t\t\t<\/div>\n\t\t\t\t<\/div>\n\t\t\t\t<\/div>\n\t\t\t\t<\/div>\n\t\t\t\t\t<\/div>\n\t\t\t\t<\/div>\n\t\t<div class=\"elementor-element elementor-element-f6d8e92 e-flex e-con-boxed e-con e-parent\" data-id=\"f6d8e92\" data-element_type=\"container\" data-settings=\"{&quot;background_background&quot;:&quot;classic&quot;}\">\n\t\t\t\t\t<div class=\"e-con-inner\">\n\t\t<div class=\"elementor-element elementor-element-fb3e541 e-flex e-con-boxed e-con e-child\" data-id=\"fb3e541\" data-element_type=\"container\">\n\t\t\t\t\t<div class=\"e-con-inner\">\n\t\t\t\t<div class=\"elementor-element elementor-element-5f2b473 elementor-invisible elementor-widget elementor-widget-text-editor\" data-id=\"5f2b473\" data-element_type=\"widget\" data-settings=\"{&quot;_animation&quot;:&quot;fadeInUp&quot;}\" data-widget_type=\"text-editor.default\">\n\t\t\t\t<div class=\"elementor-widget-container\">\n\t\t\t\t\t\t\t\t\t<p class=\"ds-markdown-paragraph\">Conectemos&#8230;<\/p>\t\t\t\t\t\t\t\t<\/div>\n\t\t\t\t<\/div>\n\t\t\t\t<div class=\"elementor-element elementor-element-0473c91 elementor-invisible elementor-widget elementor-widget-text-editor\" data-id=\"0473c91\" data-element_type=\"widget\" data-settings=\"{&quot;_animation&quot;:&quot;fadeInUp&quot;}\" data-widget_type=\"text-editor.default\">\n\t\t\t\t<div class=\"elementor-widget-container\">\n\t\t\t\t\t\t\t\t\t<p class=\"ds-markdown-paragraph\">Valoramos relaciones basadas en confianza, profesionalismo y resultados.<br \/>Cont\u00e1ctanos hoy y construyamos juntos tu pr\u00f3xima soluci\u00f3n.<\/p>\t\t\t\t\t\t\t\t<\/div>\n\t\t\t\t<\/div>\n\t\t\t\t\t<\/div>\n\t\t\t\t<\/div>\n\t\t\t\t\t<\/div>\n\t\t\t\t<\/div>\n\t\t\t\t<\/div>\n\t\t","protected":false},"excerpt":{"rendered":"<p>Contact Let\u2019s Talk About Your Next Project! Get in Touch. Let\u2019s Build Together We value relationships built on trust, professionalism, and results. Reach out today and let\u2019s build your next solution together. Whether you\u2019re starting a new project or need a proposal, Skid Experts is ready to help. Connect with us on social media Email: [&hellip;]<\/p>\n","protected":false},"author":1,"featured_media":0,"parent":0,"menu_order":0,"comment_status":"closed","ping_status":"closed","template":"elementor_header_footer","meta":{"footnotes":""},"class_list":["post-843","page","type-page","status-publish","hentry"],"_links":{"self":[{"href":"https:\/\/skidexperts.com\/en\/wp-json\/wp\/v2\/pages\/843","targetHints":{"allow":["GET"]}}],"collection":[{"href":"https:\/\/skidexperts.com\/en\/wp-json\/wp\/v2\/pages"}],"about":[{"href":"https:\/\/skidexperts.com\/en\/wp-json\/wp\/v2\/types\/page"}],"author":[{"embeddable":true,"href":"https:\/\/skidexperts.com\/en\/wp-json\/wp\/v2\/users\/1"}],"replies":[{"embeddable":true,"href":"https:\/\/skidexperts.com\/en\/wp-json\/wp\/v2\/comments?post=843"}],"version-history":[{"count":55,"href":"https:\/\/skidexperts.com\/en\/wp-json\/wp\/v2\/pages\/843\/revisions"}],"predecessor-version":[{"id":1652,"href":"https:\/\/skidexperts.com\/en\/wp-json\/wp\/v2\/pages\/843\/revisions\/1652"}],"wp:attachment":[{"href":"https:\/\/skidexperts.com\/en\/wp-json\/wp\/v2\/media?parent=843"}],"curies":[{"name":"wp","href":"https:\/\/api.w.org\/{rel}","templated":true}]}}